{"id":17,"date":"2021-10-11T13:11:15","date_gmt":"2021-10-11T10:11:15","guid":{"rendered":"http:\/\/kocaelimertnakliyat.com\/?page_id=17"},"modified":"2021-10-12T11:14:12","modified_gmt":"2021-10-12T08:14:12","slug":"ana-sayfa","status":"publish","type":"page","link":"http:\/\/kocaelimertnakliyat.com\/index.php\/ana-sayfa\/","title":{"rendered":"Hakk\u0131m\u0131zda"},"content":{"rendered":"<p><strong>\u00a0\u00a0 \u00a0 \u00a0 \u00a0 \u00a0 \u00a0 \u00a0 \u00a0 \u00a0Faaliyetlerimize ilk olarak 1999 y\u0131l\u0131nda Kocaeli ilindeki \u00d6zlem Nakliyat firmam\u0131z ile ba\u015flad\u0131k. 2019 y\u0131l\u0131nda ise isim de\u011fi\u015ftirerek, Kocaeli Mert Evden Eve Asans\u00f6rl\u00fc Nakliyat firmas\u0131 olarak sizlere hizmet etmeye devam ediyoruz. <\/strong><\/p>\n<p><strong>\u00a0 \u00a0 \u00a0 \u00a0 \u00a0 \u00a0 \u00a0 \u00a0 Hizmet Bizden, Tercih Sizden slogan\u0131 ile o zamandan beri t\u00fcm Kocaeli halk\u0131m\u0131za hizmet vermekteyiz. Kocaeli i\u00e7i evden eve nakliyat\u0131n yan\u0131s\u0131ra, Kocaeli ilimizden T\u00fcrkiye&#8217;nin her yerine, uygun fiyatlarla, sigortal\u0131 nakliye hizmeti ger\u00e7ekle\u015ftirmekteyiz. Uygun ve kaliteli ta\u015f\u0131mac\u0131l\u0131\u011f\u0131n tek adresi Kocaeli Mert Nakliyat`d\u0131r.<\/strong><\/p>\n<p>&nbsp;<\/p>\n<p><strong><img loading=\"lazy\" decoding=\"async\" class=\"wp-image-68 aligncenter\" src=\"http:\/\/kocaelimertnakliyat.com\/wp-content\/uploads\/2021\/10\/kamyonresmiguzel-300x135.jpg\" alt=\"\" width=\"463\" height=\"208\" srcset=\"http:\/\/kocaelimertnakliyat.com\/wp-content\/uploads\/2021\/10\/kamyonresmiguzel-300x135.jpg 300w, http:\/\/kocaelimertnakliyat.com\/wp-content\/uploads\/2021\/10\/kamyonresmiguzel-1024x462.jpg 1024w, http:\/\/kocaelimertnakliyat.com\/wp-content\/uploads\/2021\/10\/kamyonresmiguzel-768x347.jpg 768w, http:\/\/kocaelimertnakliyat.com\/wp-content\/uploads\/2021\/10\/kamyonresmiguzel.jpg 1331w\" sizes=\"auto, (max-width: 463px) 100vw, 463px\" \/><\/strong><\/p>\n<p>&nbsp;<\/p>\n","protected":false},"excerpt":{"rendered":"<div class=\"mh-excerpt\"><p>\u00a0\u00a0 \u00a0 \u00a0 \u00a0 \u00a0 \u00a0 \u00a0 \u00a0 \u00a0Faaliyetlerimize ilk olarak 1999 y\u0131l\u0131nda Kocaeli ilindeki \u00d6zlem Nakliyat firmam\u0131z ile ba\u015flad\u0131k. 2019 y\u0131l\u0131nda ise isim de\u011fi\u015ftirerek, <a class=\"mh-excerpt-more\" href=\"http:\/\/kocaelimertnakliyat.com\/index.php\/ana-sayfa\/\" title=\"Hakk\u0131m\u0131zda\">[&#8230;]<\/a><\/p>\n<\/div>","protected":false},"author":1,"featured_media":0,"parent":0,"menu_order":0,"comment_status":"closed","ping_status":"closed","template":"","meta":{"footnotes":""},"class_list":["post-17","page","type-page","status-publish","hentry"],"_links":{"self":[{"href":"http:\/\/kocaelimertnakliyat.com\/index.php\/wp-json\/wp\/v2\/pages\/17","targetHints":{"allow":["GET"]}}],"collection":[{"href":"http:\/\/kocaelimertnakliyat.com\/index.php\/wp-json\/wp\/v2\/pages"}],"about":[{"href":"http:\/\/kocaelimertnakliyat.com\/index.php\/wp-json\/wp\/v2\/types\/page"}],"author":[{"embeddable":true,"href":"http:\/\/kocaelimertnakliyat.com\/index.php\/wp-json\/wp\/v2\/users\/1"}],"replies":[{"embeddable":true,"href":"http:\/\/kocaelimertnakliyat.com\/index.php\/wp-json\/wp\/v2\/comments?post=17"}],"version-history":[{"count":7,"href":"http:\/\/kocaelimertnakliyat.com\/index.php\/wp-json\/wp\/v2\/pages\/17\/revisions"}],"predecessor-version":[{"id":69,"href":"http:\/\/kocaelimertnakliyat.com\/index.php\/wp-json\/wp\/v2\/pages\/17\/revisions\/69"}],"wp:attachment":[{"href":"http:\/\/kocaelimertnakliyat.com\/index.php\/wp-json\/wp\/v2\/media?parent=17"}],"curies":[{"name":"wp","href":"https:\/\/api.w.org\/{rel}","templated":true}]}}