{"id":2,"date":"2021-10-10T09:37:32","date_gmt":"2021-10-10T06:37:32","guid":{"rendered":"http:\/\/kocaelimertnakliyat.com\/?page_id=2"},"modified":"2021-10-21T12:00:13","modified_gmt":"2021-10-21T09:00:13","slug":"ornek-sayfa","status":"publish","type":"page","link":"http:\/\/kocaelimertnakliyat.com\/index.php\/ornek-sayfa\/","title":{"rendered":"\u0130leti\u015fim"},"content":{"rendered":"<p><img loading=\"lazy\" decoding=\"async\" class=\"alignnone wp-image-13\" src=\"http:\/\/kocaelimertnakliyat.com\/wp-content\/uploads\/2021\/10\/mertnakliyat-kartvizit-SON-300x174.jpg\" alt=\"\" width=\"341\" height=\"198\" srcset=\"http:\/\/kocaelimertnakliyat.com\/wp-content\/uploads\/2021\/10\/mertnakliyat-kartvizit-SON-300x174.jpg 300w, http:\/\/kocaelimertnakliyat.com\/wp-content\/uploads\/2021\/10\/mertnakliyat-kartvizit-SON-768x446.jpg 768w, http:\/\/kocaelimertnakliyat.com\/wp-content\/uploads\/2021\/10\/mertnakliyat-kartvizit-SON.jpg 899w\" sizes=\"auto, (max-width: 341px) 100vw, 341px\" \/><\/p>\n<p><a href=\"tel:05319182632\"><img decoding=\"async\" src=\"http:\/\/kocaelimertnakliyat.com\/wp-content\/uploads\/2021\/10\/tiklara-1-300x80-1.png\" alt=\"Hemen Ara\" \/><\/a><\/p>\n<p>&nbsp;<\/p>\n<p>Whats App&#8217;tan ileti\u015fime ge\u00e7mek i\u00e7in ise a\u015fa\u011f\u0131daki ikonu t\u0131klaman\u0131z yeterlidir&#8230;<\/p>\n<div data-number=\"905319182632\" data-pre_filled=\"Merhaba, hizmetleriniz hakk\u0131nda bilgi almak istiyorum...\" data-style=\"99\" style=\"display: inline; cursor: pointer; z-index: 99999999; \" class=\"ht-ctc-sc ht-ctc-sc-chat sc-style-99 ht-ctc-inline\">\r\n    <img decoding=\"async\" class=\"own-img ctc-analytics ctc_cta\" title=\"WhatsApp\" id=\"style-99\" src=\"http:\/\/kocaelimertnakliyat.com\/wp-content\/uploads\/2021\/10\/MERT-nakliye-WHATSAPP-logo-300x80.png\" style=\"height: 65px; \" alt=\"WhatsApp\">\r\n<\/div>\n","protected":false},"excerpt":{"rendered":"<div class=\"mh-excerpt\"><p>&nbsp; Whats App&#8217;tan ileti\u015fime ge\u00e7mek i\u00e7in ise a\u015fa\u011f\u0131daki ikonu t\u0131klaman\u0131z yeterlidir&#8230;<\/p>\n<\/div>","protected":false},"author":1,"featured_media":13,"parent":0,"menu_order":0,"comment_status":"open","ping_status":"open","template":"","meta":{"footnotes":""},"class_list":["post-2","page","type-page","status-publish","has-post-thumbnail","hentry"],"_links":{"self":[{"href":"http:\/\/kocaelimertnakliyat.com\/index.php\/wp-json\/wp\/v2\/pages\/2","targetHints":{"allow":["GET"]}}],"collection":[{"href":"http:\/\/kocaelimertnakliyat.com\/index.php\/wp-json\/wp\/v2\/pages"}],"about":[{"href":"http:\/\/kocaelimertnakliyat.com\/index.php\/wp-json\/wp\/v2\/types\/page"}],"author":[{"embeddable":true,"href":"http:\/\/kocaelimertnakliyat.com\/index.php\/wp-json\/wp\/v2\/users\/1"}],"replies":[{"embeddable":true,"href":"http:\/\/kocaelimertnakliyat.com\/index.php\/wp-json\/wp\/v2\/comments?post=2"}],"version-history":[{"count":10,"href":"http:\/\/kocaelimertnakliyat.com\/index.php\/wp-json\/wp\/v2\/pages\/2\/revisions"}],"predecessor-version":[{"id":80,"href":"http:\/\/kocaelimertnakliyat.com\/index.php\/wp-json\/wp\/v2\/pages\/2\/revisions\/80"}],"wp:featuredmedia":[{"embeddable":true,"href":"http:\/\/kocaelimertnakliyat.com\/index.php\/wp-json\/wp\/v2\/media\/13"}],"wp:attachment":[{"href":"http:\/\/kocaelimertnakliyat.com\/index.php\/wp-json\/wp\/v2\/media?parent=2"}],"curies":[{"name":"wp","href":"https:\/\/api.w.org\/{rel}","templated":true}]}}