{"id":42,"date":"2021-10-11T19:08:55","date_gmt":"2021-10-11T16:08:55","guid":{"rendered":"http:\/\/kocaelimertnakliyat.com\/?page_id=42"},"modified":"2022-04-06T16:28:42","modified_gmt":"2022-04-06T13:28:42","slug":"ana-sayfa-2","status":"publish","type":"page","link":"http:\/\/kocaelimertnakliyat.com\/","title":{"rendered":"Bizden fiyat almadan ta\u015f\u0131nmay\u0131n\u0131z&#8230;"},"content":{"rendered":"\r\n<p><strong>Kocaeli Mert Evden Eve Asans\u00f6rl\u00fc nakliyat firmas\u0131 olarak, Kocaeli ilinde m\u00fc\u015fterilerimizin ta\u015f\u0131mac\u0131l\u0131k hizmetini \u015fehir i\u00e7i ve \u015fehir d\u0131\u015f\u0131 olarak, uygun fiyatlarla ger\u00e7ekle\u015ftirmekteyiz. <\/strong><\/p>\r\n<p>&nbsp;<\/p>\r\n<p><img loading=\"lazy\" decoding=\"async\" class=\"wp-image-68 aligncenter\" src=\"http:\/\/kocaelimertnakliyat.com\/wp-content\/uploads\/2021\/10\/kamyonresmiguzel-300x135.jpg\" alt=\"\" width=\"334\" height=\"150\" srcset=\"http:\/\/kocaelimertnakliyat.com\/wp-content\/uploads\/2021\/10\/kamyonresmiguzel-300x135.jpg 300w, http:\/\/kocaelimertnakliyat.com\/wp-content\/uploads\/2021\/10\/kamyonresmiguzel-1024x462.jpg 1024w, http:\/\/kocaelimertnakliyat.com\/wp-content\/uploads\/2021\/10\/kamyonresmiguzel-768x347.jpg 768w, http:\/\/kocaelimertnakliyat.com\/wp-content\/uploads\/2021\/10\/kamyonresmiguzel.jpg 1331w\" sizes=\"auto, (max-width: 334px) 100vw, 334px\" \/><\/p>\r\n<p>&nbsp;<\/p>\r\n<p><strong>M\u00fc\u015fterimiz ile anla\u015ft\u0131ktan sonra fiyatta kesinlikle, hi\u00e7bir zaman de\u011fi\u015fiklik olmamaktad\u0131r. \u015eirketimiz bu konuda a\u015f\u0131r\u0131 prensiplidir&#8230;<\/strong><\/p>\r\n<p><img loading=\"lazy\" decoding=\"async\" class=\"size-medium wp-image-182 aligncenter\" src=\"http:\/\/kocaelimertnakliyat.com\/wp-content\/uploads\/2022\/04\/YENIKAMYON-1-225x300.jpg\" alt=\"\" width=\"225\" height=\"300\" srcset=\"http:\/\/kocaelimertnakliyat.com\/wp-content\/uploads\/2022\/04\/YENIKAMYON-1-225x300.jpg 225w, http:\/\/kocaelimertnakliyat.com\/wp-content\/uploads\/2022\/04\/YENIKAMYON-1-768x1024.jpg 768w, http:\/\/kocaelimertnakliyat.com\/wp-content\/uploads\/2022\/04\/YENIKAMYON-1-1152x1536.jpg 1152w, http:\/\/kocaelimertnakliyat.com\/wp-content\/uploads\/2022\/04\/YENIKAMYON-1.jpg 1200w\" sizes=\"auto, (max-width: 225px) 100vw, 225px\" \/><\/p>\r\n<h2><strong>Hizmet Bizden, Tercih Sizden <\/strong><\/h2>\r\n<p><strong>Kocaeli i\u00e7i evden eve nakliyat\u0131n yan\u0131s\u0131ra, Kocaeli ilimizden T\u00fcrkiye&#8217;nin her yerine, uygun fiyatlarla, asans\u00f6rl\u00fc ara\u00e7lar\u0131m\u0131z ile sigortal\u0131 nakliye hizmeti ger\u00e7ekle\u015ftirmekteyiz. Uygun ve kaliteli ta\u015f\u0131mac\u0131l\u0131\u011f\u0131n tek adresi Kocaeli Mert Nakliyat`d\u0131r.<\/strong><\/p>\r\n<h3 style=\"text-align: left;\"><strong>TA\u015eINMAK G\u00d6Z\u00dcN\u00dcZDE B\u00dcY\u00dcMES\u0130N&#8230;\u00a0<\/strong><\/h3>\r\n<p><img loading=\"lazy\" decoding=\"async\" class=\"size-medium wp-image-132 alignleft\" src=\"http:\/\/kocaelimertnakliyat.com\/wp-content\/uploads\/2021\/10\/bf89b582-0ed2-439e-b851-319ec5196335-169x300.jpg\" alt=\"\" width=\"169\" height=\"300\" srcset=\"http:\/\/kocaelimertnakliyat.com\/wp-content\/uploads\/2021\/10\/bf89b582-0ed2-439e-b851-319ec5196335-169x300.jpg 169w, http:\/\/kocaelimertnakliyat.com\/wp-content\/uploads\/2021\/10\/bf89b582-0ed2-439e-b851-319ec5196335-576x1024.jpg 576w, http:\/\/kocaelimertnakliyat.com\/wp-content\/uploads\/2021\/10\/bf89b582-0ed2-439e-b851-319ec5196335-768x1365.jpg 768w, http:\/\/kocaelimertnakliyat.com\/wp-content\/uploads\/2021\/10\/bf89b582-0ed2-439e-b851-319ec5196335-864x1536.jpg 864w, http:\/\/kocaelimertnakliyat.com\/wp-content\/uploads\/2021\/10\/bf89b582-0ed2-439e-b851-319ec5196335.jpg 900w\" sizes=\"auto, (max-width: 169px) 100vw, 169px\" \/> <img loading=\"lazy\" decoding=\"async\" class=\"size-medium wp-image-139 alignleft\" src=\"http:\/\/kocaelimertnakliyat.com\/wp-content\/uploads\/2021\/10\/e7d72936-2205-4a3b-be29-c0bcf9ecea77-169x300.jpg\" alt=\"\" width=\"169\" height=\"300\" srcset=\"http:\/\/kocaelimertnakliyat.com\/wp-content\/uploads\/2021\/10\/e7d72936-2205-4a3b-be29-c0bcf9ecea77-169x300.jpg 169w, http:\/\/kocaelimertnakliyat.com\/wp-content\/uploads\/2021\/10\/e7d72936-2205-4a3b-be29-c0bcf9ecea77.jpg 540w\" sizes=\"auto, (max-width: 169px) 100vw, 169px\" \/><\/p>\r\n<p><img loading=\"lazy\" decoding=\"async\" class=\"alignnone size-medium wp-image-119\" src=\"http:\/\/kocaelimertnakliyat.com\/wp-content\/uploads\/2021\/10\/7143b8ed-6265-4749-bd08-5c420b8abf91-169x300.jpg\" alt=\"\" width=\"169\" height=\"300\" srcset=\"http:\/\/kocaelimertnakliyat.com\/wp-content\/uploads\/2021\/10\/7143b8ed-6265-4749-bd08-5c420b8abf91-169x300.jpg 169w, http:\/\/kocaelimertnakliyat.com\/wp-content\/uploads\/2021\/10\/7143b8ed-6265-4749-bd08-5c420b8abf91.jpg 540w\" sizes=\"auto, (max-width: 169px) 100vw, 169px\" \/><\/p>\r\n<p>&nbsp;<\/p>\r\n<div class=\"gfort-block-title\">\r\n<h4>ASANS\u00d6RL\u00dc TA\u015eIMACILIK<\/h4>\r\n<\/div>\r\n<div class=\"gfort-block-content\">\r\n<p>Firmam\u0131z y\u00fcksek katlarda oturan veya y\u00fcksek kata ta\u015f\u0131nacak olan t\u00fcm m\u00fc\u015fterilerimiz i\u00e7in Mobil Asans\u00f6r hizmeti sunmaktad\u0131r.<\/p>\r\n<p><img loading=\"lazy\" decoding=\"async\" class=\"alignnone size-medium wp-image-179\" src=\"http:\/\/kocaelimertnakliyat.com\/wp-content\/uploads\/2022\/04\/TASIMA-2-225x300.jpg\" alt=\"\" width=\"225\" height=\"300\" srcset=\"http:\/\/kocaelimertnakliyat.com\/wp-content\/uploads\/2022\/04\/TASIMA-2-225x300.jpg 225w, http:\/\/kocaelimertnakliyat.com\/wp-content\/uploads\/2022\/04\/TASIMA-2-768x1024.jpg 768w, http:\/\/kocaelimertnakliyat.com\/wp-content\/uploads\/2022\/04\/TASIMA-2-1152x1536.jpg 1152w, http:\/\/kocaelimertnakliyat.com\/wp-content\/uploads\/2022\/04\/TASIMA-2.jpg 1200w\" sizes=\"auto, (max-width: 225px) 100vw, 225px\" \/> <img loading=\"lazy\" decoding=\"async\" class=\"alignnone size-medium wp-image-180\" src=\"http:\/\/kocaelimertnakliyat.com\/wp-content\/uploads\/2022\/04\/TASIMA-3-225x300.jpg\" alt=\"\" width=\"225\" height=\"300\" srcset=\"http:\/\/kocaelimertnakliyat.com\/wp-content\/uploads\/2022\/04\/TASIMA-3-225x300.jpg 225w, http:\/\/kocaelimertnakliyat.com\/wp-content\/uploads\/2022\/04\/TASIMA-3-768x1024.jpg 768w, http:\/\/kocaelimertnakliyat.com\/wp-content\/uploads\/2022\/04\/TASIMA-3-1152x1536.jpg 1152w, http:\/\/kocaelimertnakliyat.com\/wp-content\/uploads\/2022\/04\/TASIMA-3.jpg 1200w\" sizes=\"auto, (max-width: 225px) 100vw, 225px\" \/> <img loading=\"lazy\" decoding=\"async\" class=\"alignnone size-medium wp-image-178\" src=\"http:\/\/kocaelimertnakliyat.com\/wp-content\/uploads\/2022\/04\/TASIMA-1-300x225.jpg\" alt=\"\" width=\"300\" height=\"225\" srcset=\"http:\/\/kocaelimertnakliyat.com\/wp-content\/uploads\/2022\/04\/TASIMA-1-300x225.jpg 300w, http:\/\/kocaelimertnakliyat.com\/wp-content\/uploads\/2022\/04\/TASIMA-1-1024x768.jpg 1024w, http:\/\/kocaelimertnakliyat.com\/wp-content\/uploads\/2022\/04\/TASIMA-1-768x576.jpg 768w, http:\/\/kocaelimertnakliyat.com\/wp-content\/uploads\/2022\/04\/TASIMA-1-1536x1152.jpg 1536w, http:\/\/kocaelimertnakliyat.com\/wp-content\/uploads\/2022\/04\/TASIMA-1-678x509.jpg 678w, http:\/\/kocaelimertnakliyat.com\/wp-content\/uploads\/2022\/04\/TASIMA-1-326x245.jpg 326w, http:\/\/kocaelimertnakliyat.com\/wp-content\/uploads\/2022\/04\/TASIMA-1-80x60.jpg 80w, http:\/\/kocaelimertnakliyat.com\/wp-content\/uploads\/2022\/04\/TASIMA-1.jpg 1600w\" sizes=\"auto, (max-width: 300px) 100vw, 300px\" \/><\/p>\r\n<div class=\"gfort-block-title\">\r\n<h4>\u00a0<\/h4>\r\n<h4>AMBALAJLI TA\u015eIMA<\/h4>\r\n<\/div>\r\n<div class=\"gfort-block-content\">\r\n<p>Ta\u015f\u0131nma esnas\u0131nda e\u015fyalar\u0131n\u0131z\u0131n \u00e7izilme, ezilme veya k\u0131r\u0131lma gibi zararlardan koruma ama\u00e7l\u0131 t\u00fcm e\u015fyalar\u0131n\u0131z\u0131 ambalaj yap\u0131yoruz.<\/p>\r\n<p><img loading=\"lazy\" decoding=\"async\" class=\"alignnone size-medium wp-image-181\" src=\"http:\/\/kocaelimertnakliyat.com\/wp-content\/uploads\/2022\/04\/YATAKAMBALAJLI-225x300.jpg\" alt=\"\" width=\"225\" height=\"300\" srcset=\"http:\/\/kocaelimertnakliyat.com\/wp-content\/uploads\/2022\/04\/YATAKAMBALAJLI-225x300.jpg 225w, http:\/\/kocaelimertnakliyat.com\/wp-content\/uploads\/2022\/04\/YATAKAMBALAJLI-768x1024.jpg 768w, http:\/\/kocaelimertnakliyat.com\/wp-content\/uploads\/2022\/04\/YATAKAMBALAJLI-1152x1536.jpg 1152w, http:\/\/kocaelimertnakliyat.com\/wp-content\/uploads\/2022\/04\/YATAKAMBALAJLI.jpg 1200w\" sizes=\"auto, (max-width: 225px) 100vw, 225px\" \/><\/p>\r\n<div class=\"gfort-block-title\">\r\n<h4>S\u0130GORTALI TA\u015eIMA<\/h4>\r\n<\/div>\r\n<div class=\"gfort-block-content\">\r\n<p>Ba\u015fta \u015eehirler Aras\u0131 Ta\u015f\u0131malarda olmak \u00fczere t\u00fcm ta\u015f\u0131malar\u0131m\u0131z e\u015fyalar\u0131n\u0131z\u0131n sa\u011fl\u0131\u011f\u0131 i\u00e7in Sigorta G\u00fcvencesi alt\u0131nda ger\u00e7ekle\u015fmektedir.<\/p>\r\n<p>&nbsp;<\/p>\r\n<\/div>\r\n<\/div>\r\n<div class=\"cta-block-body\">\r\n<p><strong>Hizmetlerimiz Hakk\u0131nda Daha Detayl\u0131 Bilgi Almak \u0130\u00e7in, Hemen Aray\u0131n!<\/strong><\/p>\r\n<p><a href=\"tel:05319182632\"><img decoding=\"async\" src=\"http:\/\/kocaelimertnakliyat.com\/wp-content\/uploads\/2021\/10\/tiklara-1-300x80-1.png\" alt=\"Hemen Ara\" \/><\/a><\/p>\r\n<\/div>\r\n<p>&nbsp;<\/p>\r\n<\/div>\r\n<p><img loading=\"lazy\" decoding=\"async\" class=\"size-full wp-image-31 alignleft\" src=\"http:\/\/kocaelimertnakliyat.com\/wp-content\/uploads\/2021\/10\/tecrubelipesonel.jpg\" alt=\"\" width=\"215\" height=\"208\" \/> <img loading=\"lazy\" decoding=\"async\" class=\"size-full wp-image-30 alignright\" src=\"http:\/\/kocaelimertnakliyat.com\/wp-content\/uploads\/2021\/10\/sigortalinakliyat.jpg\" alt=\"\" width=\"220\" height=\"203\" \/><\/p>\r\n<p>&nbsp;<\/p>\r\n<p>&nbsp;<\/p>\r\n<p>&nbsp;<\/p>\r\n<p>&nbsp;<\/p>\r\n<p>&nbsp;<\/p>\r\n<p><img loading=\"lazy\" decoding=\"async\" class=\"size-full wp-image-29 alignright\" src=\"http:\/\/kocaelimertnakliyat.com\/wp-content\/uploads\/2021\/10\/nakliyearaclari.jpg\" alt=\"\" width=\"252\" height=\"220\" \/> <img loading=\"lazy\" decoding=\"async\" class=\"size-full wp-image-27 alignleft\" src=\"http:\/\/kocaelimertnakliyat.com\/wp-content\/uploads\/2021\/10\/esyapaketlemelogo.jpg\" alt=\"\" width=\"231\" height=\"197\" \/><\/p>\r\n<p>&nbsp;<\/p>\r\n","protected":false},"excerpt":{"rendered":"<div class=\"mh-excerpt\"><p>Kocaeli Mert Evden Eve Asans\u00f6rl\u00fc nakliyat firmas\u0131 olarak, Kocaeli ilinde m\u00fc\u015fterilerimizin ta\u015f\u0131mac\u0131l\u0131k hizmetini \u015fehir i\u00e7i ve \u015fehir d\u0131\u015f\u0131 olarak, uygun fiyatlarla ger\u00e7ekle\u015ftirmekteyiz. &nbsp; &nbsp; M\u00fc\u015fterimiz <a class=\"mh-excerpt-more\" href=\"http:\/\/kocaelimertnakliyat.com\/\" title=\"Bizden fiyat almadan ta\u015f\u0131nmay\u0131n\u0131z&#8230;\">[&#8230;]<\/a><\/p>\n<\/div>","protected":false},"author":1,"featured_media":0,"parent":0,"menu_order":0,"comment_status":"open","ping_status":"open","template":"","meta":{"footnotes":""},"class_list":["post-42","page","type-page","status-publish","hentry"],"_links":{"self":[{"href":"http:\/\/kocaelimertnakliyat.com\/index.php\/wp-json\/wp\/v2\/pages\/42","targetHints":{"allow":["GET"]}}],"collection":[{"href":"http:\/\/kocaelimertnakliyat.com\/index.php\/wp-json\/wp\/v2\/pages"}],"about":[{"href":"http:\/\/kocaelimertnakliyat.com\/index.php\/wp-json\/wp\/v2\/types\/page"}],"author":[{"embeddable":true,"href":"http:\/\/kocaelimertnakliyat.com\/index.php\/wp-json\/wp\/v2\/users\/1"}],"replies":[{"embeddable":true,"href":"http:\/\/kocaelimertnakliyat.com\/index.php\/wp-json\/wp\/v2\/comments?post=42"}],"version-history":[{"count":34,"href":"http:\/\/kocaelimertnakliyat.com\/index.php\/wp-json\/wp\/v2\/pages\/42\/revisions"}],"predecessor-version":[{"id":183,"href":"http:\/\/kocaelimertnakliyat.com\/index.php\/wp-json\/wp\/v2\/pages\/42\/revisions\/183"}],"wp:attachment":[{"href":"http:\/\/kocaelimertnakliyat.com\/index.php\/wp-json\/wp\/v2\/media?parent=42"}],"curies":[{"name":"wp","href":"https:\/\/api.w.org\/{rel}","templated":true}]}}